{"id":1517,"date":"2024-09-03T08:24:38","date_gmt":"2024-09-03T08:24:38","guid":{"rendered":"https:\/\/fondazionevajont.org\/?page_id=1517"},"modified":"2025-07-22T09:21:24","modified_gmt":"2025-07-22T09:21:24","slug":"trasparenza-2","status":"publish","type":"page","link":"https:\/\/fondazionevajont.org\/?page_id=1517","title":{"rendered":"Trasparenza"},"content":{"rendered":"<p>[et_pb_section fb_built=&#8221;1&#8243; _builder_version=&#8221;4.17.3&#8243; _module_preset=&#8221;default&#8221; background_color=&#8221;#488AFA&#8221; use_background_color_gradient=&#8221;on&#8221; background_color_gradient_direction=&#8221;90deg&#8221; background_color_gradient_stops=&#8221;rgba(35,54,88,0.7) 0%|rgba(255,255,255,0) 100%&#8221; background_color_gradient_overlays_image=&#8221;on&#8221; background_color_gradient_start=&#8221;rgba(43,135,218,0.71)&#8221; background_color_gradient_end=&#8221;#006bc9&#8243; background_image=&#8221;https:\/\/fondazionevajont.org\/wp-content\/uploads\/2022\/04\/C10.2.B-RID.jpg&#8221; min_height=&#8221;93vh&#8221; custom_padding=&#8221;||||false|false&#8221; custom_css_main_element=&#8221;display: flex;||flex-direction: column;||justify-content: center;&#8221; global_colors_info=&#8221;{}&#8221;][\/et_pb_section][et_pb_section fb_built=&#8221;1&#8243; _builder_version=&#8221;4.17.1&#8243; _module_preset=&#8221;default&#8221; global_colors_info=&#8221;{}&#8221;][et_pb_row _builder_version=&#8221;4.17.3&#8243; _module_preset=&#8221;default&#8221; global_colors_info=&#8221;{}&#8221;][et_pb_column type=&#8221;4_4&#8243; _builder_version=&#8221;4.17.3&#8243; _module_preset=&#8221;default&#8221; global_colors_info=&#8221;{}&#8221;][et_pb_text _builder_version=&#8221;4.17.3&#8243; _module_preset=&#8221;9e181890-ec9c-4f1a-bc92-7b1c453cdcec&#8221; text_font=&#8221;Roboto||||||||&#8221; text_font_size=&#8221;12px&#8221; custom_margin=&#8221;0px||||false|false&#8221; custom_padding=&#8221;15px||40px||false|false&#8221; global_colors_info=&#8221;{}&#8221;]<\/p>\n<blockquote>\n<p style=\"text-align: center;\"><span style=\"color: #333333; font-family: Roboto; font-size: 55px;\">Trasparenza<\/span><\/p>\n<\/blockquote>\n<p>[\/et_pb_text][\/et_pb_column][\/et_pb_row][et_pb_row _builder_version=&#8221;4.17.3&#8243; _module_preset=&#8221;default&#8221; width=&#8221;100%&#8221; max_width=&#8221;100%&#8221; global_colors_info=&#8221;{}&#8221;][et_pb_column type=&#8221;4_4&#8243; _builder_version=&#8221;4.17.1&#8243; _module_preset=&#8221;default&#8221; global_colors_info=&#8221;{}&#8221;][et_pb_accordion _builder_version=&#8221;4.17.3&#8243; _module_preset=&#8221;default&#8221; hover_enabled=&#8221;0&#8243; global_colors_info=&#8221;{}&#8221; sticky_enabled=&#8221;0&#8243;][et_pb_accordion_item title=&#8221;Bilanci dal 2005 al 2009&#8243; open=&#8221;on&#8221; _builder_version=&#8221;4.17.3&#8243; _module_preset=&#8221;default&#8221; global_colors_info=&#8221;{}&#8221;]<\/p>\n<p><a href=\"https:\/\/fondazionevajont.org\/wp-content\/uploads\/2023\/03\/2005.pdf\" target=\"_blank\" rel=\"noopener\">Anno 2005 (pdf)<\/a><\/p>\n<p><a href=\"https:\/\/fondazionevajont.org\/wp-content\/uploads\/2023\/03\/2006.pdf\" target=\"_blank\" rel=\"noopener\">Anno 2006 (pdf)<\/a><\/p>\n<p><a href=\"https:\/\/fondazionevajont.org\/wp-content\/uploads\/2023\/03\/2007.pdf\" target=\"_blank\" rel=\"noopener\">Anno 2007 (pdf)<\/a><\/p>\n<p><a href=\"https:\/\/fondazionevajont.org\/wp-content\/uploads\/2023\/03\/2008.pdf\" target=\"_blank\" rel=\"noopener\">Anno 2008 (pdf)<\/a><\/p>\n<p><a href=\"https:\/\/fondazionevajont.org\/wp-content\/uploads\/2023\/03\/2009.pdf\" target=\"_blank\" rel=\"noopener\">Anno 2009 (pdf)<\/a><\/p>\n<p>[\/et_pb_accordion_item][et_pb_accordion_item title=&#8221;Bilanci dal 2010 al 2019&#8243; _builder_version=&#8221;4.17.3&#8243; _module_preset=&#8221;default&#8221; global_colors_info=&#8221;{}&#8221; open=&#8221;off&#8221;]<\/p>\n<p><a href=\"https:\/\/fondazionevajont.org\/wp-content\/uploads\/2023\/03\/2010.pdf\" target=\"_blank\" rel=\"noopener\">Anno 2010 (pdf)<\/a><\/p>\n<p><a href=\"https:\/\/fondazionevajont.org\/wp-content\/uploads\/2023\/03\/2011.pdf\" target=\"_blank\" rel=\"noopener\">Anno 2011 (pdf)<\/a><\/p>\n<p><a href=\"https:\/\/fondazionevajont.org\/wp-content\/uploads\/2023\/03\/2012.pdf\" target=\"_blank\" rel=\"noopener\">Anno 2012 (pdf)<\/a><\/p>\n<p><a href=\"https:\/\/fondazionevajont.org\/wp-content\/uploads\/2023\/03\/2013.pdf\" target=\"_blank\" rel=\"noopener\">Anno 2013 (pdf)<\/a><\/p>\n<p><a href=\"https:\/\/fondazionevajont.org\/wp-content\/uploads\/2023\/03\/2014.pdf\" target=\"_blank\" rel=\"noopener\">Anno 2014 (pdf)<\/a><\/p>\n<p><a href=\"https:\/\/fondazionevajont.org\/wp-content\/uploads\/2023\/03\/2015.pdf\" target=\"_blank\" rel=\"noopener\">Anno 2015 (pdf)<\/a><\/p>\n<p><a href=\"https:\/\/fondazionevajont.org\/wp-content\/uploads\/2023\/03\/2016.pdf\" target=\"_blank\" rel=\"noopener\">Anno 2016 (pdf)<\/a><\/p>\n<p><a href=\"https:\/\/fondazionevajont.org\/wp-content\/uploads\/2023\/03\/2017.pdf\" target=\"_blank\" rel=\"noopener\">Anno 2017 (pdf)<\/a><\/p>\n<p><a href=\"https:\/\/fondazionevajont.org\/wp-content\/uploads\/2023\/03\/2018.pdf\">Anno 2018 (pdf)<\/a><\/p>\n<p><a href=\"https:\/\/fondazionevajont.org\/wp-content\/uploads\/2023\/03\/2019.pdf\" target=\"_blank\" rel=\"noopener\">Anno 2019 (pdf)<\/a><\/p>\n<p>[\/et_pb_accordion_item][et_pb_accordion_item title=&#8221;Bilanci dal 2020 ad oggi&#8221; _builder_version=&#8221;4.17.3&#8243; _module_preset=&#8221;default&#8221; hover_enabled=&#8221;0&#8243; global_colors_info=&#8221;{}&#8221; open=&#8221;off&#8221; sticky_enabled=&#8221;0&#8243;]<\/p>\n<p><a href=\"https:\/\/fondazionevajont.org\/wp-content\/uploads\/2023\/03\/2020.pdf\" target=\"_blank\" rel=\"noopener\">Anno 2020 (pdf)<\/a><\/p>\n<p><a href=\"https:\/\/fondazionevajont.org\/wp-content\/uploads\/2023\/03\/2021.pdf\" target=\"_blank\" rel=\"noopener\">Anno 2021 (pdf)<\/a><\/p>\n<p><a href=\"https:\/\/fondazionevajont.org\/wp-content\/uploads\/2024\/02\/FONDAZIONE-VAJONT_Bilancio-2022-Rev_2-0.pdf\">Anno 2022 (pdf)<\/a><\/p>\n<p><a href=\"https:\/\/fondazionevajont.org\/wp-content\/uploads\/2025\/03\/FONDAZIONE-VAJONT_Bilancio-2023-1.pdf\">Anno 2023 (pdf)<\/a><\/p>\n<p><a href=\"https:\/\/fondazionevajont.org\/wp-content\/uploads\/2025\/07\/FONDAZIONE-VAJONT_Bilancio-2024.pdf\">Anno 2024 (pdf)<\/a><\/p>\n<p>[\/et_pb_accordion_item][\/et_pb_accordion][\/et_pb_column][\/et_pb_row][\/et_pb_section][et_pb_section fb_built=&#8221;1&#8243; _builder_version=&#8221;4.17.3&#8243; _module_preset=&#8221;default&#8221; custom_padding=&#8221;1.7%||1.7%||true|false&#8221; global_colors_info=&#8221;{}&#8221;][\/et_pb_section][et_pb_section fb_built=&#8221;1&#8243; admin_label=&#8221;SMP &#8211; Dark &#8211; Header #1&#8243; _builder_version=&#8221;4.17.3&#8243; _module_preset=&#8221;default&#8221; background_enable_color=&#8221;off&#8221; background_image=&#8221;https:\/\/fondazionevajont.org\/wp-content\/uploads\/2022\/04\/Attivita-scaled.jpg&#8221; parallax=&#8221;on&#8221; parallax_method=&#8221;off&#8221; min_height=&#8221;80vh&#8221; custom_padding=&#8221;6%||3%||false|false&#8221; mix_blend_mode=&#8221;darken&#8221; background_color_phone=&#8221;rgba(0,0,0,0.25)&#8221; background_last_edited=&#8221;on|phone&#8221; background_enable_color_phone=&#8221;on&#8221; parallax_phone=&#8221;off&#8221; background_blend_phone=&#8221;overlay&#8221; custom_css_main_element=&#8221;display: flex;||flex-direction: column;||justify-content: center;&#8221; collapsed=&#8221;off&#8221; global_colors_info=&#8221;{}&#8221;][et_pb_row column_structure=&#8221;1_3,1_3,1_3&#8243; _builder_version=&#8221;4.17.3&#8243; _module_preset=&#8221;default&#8221; width=&#8221;100%&#8221; max_width=&#8221;100%&#8221; custom_margin=&#8221;0px||0px||true|false&#8221; custom_padding=&#8221;0px||0px|1%|true|false&#8221; scroll_fade_enable=&#8221;on&#8221; scroll_fade=&#8221;0|35|65|100|0|100|0%&#8221; global_colors_info=&#8221;{}&#8221;][et_pb_column type=&#8221;1_3&#8243; _builder_version=&#8221;4.16&#8243; _module_preset=&#8221;default&#8221; global_colors_info=&#8221;{}&#8221;][et_pb_blurb image_icon_width=&#8221;48%&#8221; image_icon_width_tablet=&#8221;48%&#8221; image_icon_width_phone=&#8221;80%&#8221; image_icon_width_last_edited=&#8221;on|phone&#8221; content_max_width_tablet=&#8221;52%&#8221; content_max_width_phone=&#8221;100%&#8221; content_max_width_last_edited=&#8221;on|desktop&#8221; _builder_version=&#8221;4.17.3&#8243; _module_preset=&#8221;default&#8221; body_text_align=&#8221;left&#8221; body_text_color=&#8221;#FFFFFF&#8221; body_line_height=&#8221;1.6em&#8221; background_color=&#8221;RGBA(255,255,255,0)&#8221; custom_padding=&#8221;0%|0%|0%|0%|true|true&#8221; body_font_size_tablet=&#8221;17px&#8221; body_font_size_phone=&#8221;17px&#8221; body_font_size_last_edited=&#8221;on|phone&#8221; border_radii_image=&#8221;on|100%|100%|100%|100%&#8221; border_width_all_image=&#8221;0px&#8221; border_color_all_image=&#8221;RGBA(255,255,255,0)&#8221; box_shadow_style=&#8221;none&#8221; global_colors_info=&#8221;{}&#8221; transform_translate__hover_enabled=&#8221;on|hover&#8221; transform_scale__hover=&#8221;100%|100%&#8221;]<\/p>\n<p><span>Una tragedia annunciata, il disastro del Vajont.<br \/>Si tratta di una delle vicende pi\u00f9 complesse, pi\u00f9 intricate, pi\u00f9 complicate degli anni sessanta.<\/span><\/p>\n<p>[\/et_pb_blurb][et_pb_text _builder_version=&#8221;4.17.3&#8243; _module_preset=&#8221;default&#8221; text_font=&#8221;Barlow|700|||||||&#8221; text_text_color=&#8221;#FFFFFF&#8221; text_letter_spacing=&#8221;2px&#8221; custom_margin=&#8221;||||false|false&#8221; custom_padding=&#8221;0px||0px||true|false&#8221; custom_padding_tablet=&#8221;0px||0px||true|false&#8221; custom_padding_phone=&#8221;0px|10%|0px|10%|true|true&#8221; custom_padding_last_edited=&#8221;on|phone&#8221; global_colors_info=&#8221;{}&#8221;]<\/p>\n<p>GIOVANNI MINOLI &#8211; MIXER &#8211; RAI 3<\/p>\n<p>[\/et_pb_text][\/et_pb_column][et_pb_column type=&#8221;1_3&#8243; _builder_version=&#8221;4.16&#8243; _module_preset=&#8221;default&#8221; global_colors_info=&#8221;{}&#8221;][\/et_pb_column][et_pb_column type=&#8221;1_3&#8243; _builder_version=&#8221;4.16&#8243; _module_preset=&#8221;default&#8221; global_colors_info=&#8221;{}&#8221;][\/et_pb_column][\/et_pb_row][\/et_pb_section]<\/p>\n","protected":false},"excerpt":{"rendered":"<p>Trasparenza Anno 2005 (pdf) Anno 2006 (pdf) Anno 2007 (pdf) Anno 2008 (pdf) Anno 2009 (pdf)Anno 2010 (pdf) Anno 2011 (pdf) Anno 2012 (pdf) Anno 2013 (pdf) Anno 2014 (pdf) [&hellip;]<\/p>\n","protected":false},"author":2,"featured_media":0,"parent":0,"menu_order":0,"comment_status":"closed","ping_status":"closed","template":"","meta":{"_et_pb_use_builder":"on","_et_pb_old_content":"","_et_gb_content_width":"","inline_featured_image":false,"footnotes":""},"class_list":["post-1517","page","type-page","status-publish","hentry"],"_links":{"self":[{"href":"https:\/\/fondazionevajont.org\/index.php?rest_route=\/wp\/v2\/pages\/1517","targetHints":{"allow":["GET"]}}],"collection":[{"href":"https:\/\/fondazionevajont.org\/index.php?rest_route=\/wp\/v2\/pages"}],"about":[{"href":"https:\/\/fondazionevajont.org\/index.php?rest_route=\/wp\/v2\/types\/page"}],"author":[{"embeddable":true,"href":"https:\/\/fondazionevajont.org\/index.php?rest_route=\/wp\/v2\/users\/2"}],"replies":[{"embeddable":true,"href":"https:\/\/fondazionevajont.org\/index.php?rest_route=%2Fwp%2Fv2%2Fcomments&post=1517"}],"version-history":[{"count":5,"href":"https:\/\/fondazionevajont.org\/index.php?rest_route=\/wp\/v2\/pages\/1517\/revisions"}],"predecessor-version":[{"id":1668,"href":"https:\/\/fondazionevajont.org\/index.php?rest_route=\/wp\/v2\/pages\/1517\/revisions\/1668"}],"wp:attachment":[{"href":"https:\/\/fondazionevajont.org\/index.php?rest_route=%2Fwp%2Fv2%2Fmedia&parent=1517"}],"curies":[{"name":"wp","href":"https:\/\/api.w.org\/{rel}","templated":true}]}}